{"id":1822,"date":"2022-03-24T14:27:07","date_gmt":"2022-03-24T14:27:07","guid":{"rendered":"https:\/\/www.kolk-design.com\/?page_id=1822"},"modified":"2022-07-07T13:31:59","modified_gmt":"2022-07-07T13:31:59","slug":"agb-2","status":"publish","type":"page","link":"https:\/\/www.kolk-design.com\/de\/agb-2\/","title":{"rendered":"AGB"},"content":{"rendered":"<p><div class=\"fusion-fullwidth fullwidth-box fusion-builder-row-1 fusion-flex-container nonhundred-percent-fullwidth non-hundred-percent-height-scrolling\" style=\"background-color: rgba(255,255,255,0);background-position: center center;background-repeat: no-repeat;border-width: 0px 0px 0px 0px;border-color:#e2e2e2;border-style:solid;\" ><div class=\"fusion-builder-row fusion-row fusion-flex-align-items-flex-start\" style=\"max-width:1372.8px;margin-left: calc(-4% \/ 2 );margin-right: calc(-4% \/ 2 );\"><div class=\"fusion-layout-column fusion_builder_column fusion-builder-column-0 fusion_builder_column_1_1 1_1 fusion-flex-column\"><div class=\"fusion-column-wrapper fusion-flex-justify-content-flex-start fusion-content-layout-column\" style=\"background-position:left top;background-repeat:no-repeat;-webkit-background-size:cover;-moz-background-size:cover;-o-background-size:cover;background-size:cover;padding: 0px 0px 0px 0px;\"><div class=\"fusion-text fusion-text-1\"><h1>AGB<\/h1>\n<h3>Allgemeine Gesch\u00e4ftsbedingungen der Firma Kolk Design &amp; Production GmbH &amp; CO. KG.<\/h3>\n<p><strong>Geltungsbereich<\/strong><\/p>\n<p>F\u00fcr alle gegenw\u00e4rtigen und zuk\u00fcnftigen Gesch\u00e4ftsbeziehungen, Angebote, Lieferungen und Leistungen der KOLK Design &amp; Production GmbH &amp; Co.KG. gelten ausschlie\u00dflich die nachfolgenden Bedingungen. Abweichende, entgegenstehende oder erg\u00e4nzende Gesch\u00e4ftsbedingungen werden nicht Vertragsbestandteil.<\/p>\n<p><strong>Angebot, Angebotsunterlagen<\/strong><\/p>\n<p>Die Angebote der KOLK Design &amp; Production GmbH &amp; Co.KG. sind freibleibend. Der Inhalt ist ausschlie\u00dflich f\u00fcr Industrie, Handwerk, Handel, Gewerbe, Dienstleister und Freiberufler bestimmt. Mit der Auftragserteilung best\u00e4tigt der Kunde die Verwendung und Nutzung der Ware im Rahmen der gewerblichen T\u00e4tigkeit.<\/p>\n<p>Die Kundenauftr\u00e4ge werden durch Versand der Ware oder durch eine Auftragsbest\u00e4tigung der KOLK Design &amp; Production angenommen.<br \/>\nAn Abbildungen, Zeichnungen und sonstigen Unterlagen beh\u00e4lt sich die KOLK Design &amp; Production GmbH &amp; Co. KG. Eigentums- und Urheberrechte vor. Vor Ihrer Weitergabe an Dritte bedarf der Kunde der ausdr\u00fccklichen schriftlichen Zustimmung der KOLK Design &amp; Production GmbH &amp; Co.KG.<\/p>\n<p><strong>Lieferzeit, Gefahr\u00fcbergang<\/strong><\/p>\n<p>Angaben zum Liefertermin sind seitens der KOLK Design &amp; Production GmbH &amp; Co.KG. lediglich als unverbindliche Information anzusehen. Fixgesch\u00e4fte sind mit der KOLK Design &amp; Production GmbH &amp; Co.KG. gesondert in schriftlicher Form zu vereinbaren. Eine vereinbarte Lieferfrist beginnt mit dem Tag der Ausstellung der Auftragsbest\u00e4tigung. Bei Lieferverzug ist der KOLK Design &amp; Production GmbH &amp; Co.KG. eine angemessene Nachfrist zu setzen. Schadenersatz als auch daraus m\u00f6gliche Folgesch\u00e4den wegen der Nichteinhaltung von Lieferfristen kann vom Kunden nicht gefordert werden.<\/p>\n<p>Beruht die nicht termingerechte Lieferung einer vereinbarten Lieferfrist auf h\u00f6here Gewalt, Arbeitskampf, Feuer, Krankheit, Ausfall von Maschinen, Ausbleiben notwendiger Roh- und Hilfsstoffe usw., die die KOLK Design &amp; Production GmbH &amp; Co.KG. bei Eintritt eines solchen Ereignisses sich bereits im Lieferverzug befindet.<\/p>\n<p>Bei einer Dauer der Leistungsverhinderung im Sinne von Nr. 2 von mehr als 3 Monaten, ist der Kunde berechtigt bzgl. Der im Verzug befindlichen Lieferung vom Vertrag zur\u00fcckzutreten.<\/p>\n<p>Die KOLK Design &amp; Production GmbH &amp; Co.KG. ist jederzeit zur Lieferung, auch zu Teillieferungen berechtigt.<br \/>\nKommt der Kunde mit den in der Auftragsbest\u00e4tigung vereinbarten Abnahmefristen in Verzug, so ist KOLK Design &amp; Production GmbH &amp; Co.KG. berechtigt, die nicht angenommene Ware voll zu berechnen und bei Nichteinhaltung einer angemessenen Nachfrist auf Kosten und Gefahr des Kunden die Ware kostenpflichtig auf Lager zu nehmen oder anderweitig einzulagern.<\/p>\n<p><strong>Preise und Zahlungsart<\/strong><\/p>\n<p>Alle Preise sind Nettopreise zzgl. der gesetzlichen Mehrwertsteuer. Sofern es sich um Produkte aus Edelmetallen handelt, so sind diese Tagespreis abh\u00e4ngig und werden gesondert berechnet.<\/p>\n<p>Hat sich der Preis zum Zeitpunkt der Leistungserbringung durch eine \u00c4nderung des Marktpreises oder durch Erh\u00f6hung der von in die Leistungserbringung einbezogenen Dritten verlangten Entgelte erh\u00f6ht, gilt der h\u00f6here Preis. Liegt dieser 20% oder mehr \u00fcber dem vereinbarten Preis, hat der Kunde das Recht, vom Vertrag zur\u00fcckzutreten. Dieses Recht muss unverz\u00fcglich nach Mitteilung des erh\u00f6hten Preises geltend gemacht werden.<br \/>\nDie Rechnungserstellung erfolgt nach Vereinbarung. Die KOLK Design &amp; Production GmbH &amp; Co.KG. ist auch berechtigt Vorauskasse zu verlangen.<\/p>\n<p>Versandkosten, Transportversicherung, Exportformalit\u00e4ten \u2013 Incoterms 2012: Ex works<\/p>\n<p>Anfallende Kosten f\u00fcr den Versand, Transportversicherung und Exportformalit\u00e4ten sind vom Kunden zu tragen.<\/p>\n<p><strong>Gew\u00e4hrleistung, R\u00fcgepflicht<\/strong><\/p>\n<p>Die Geltendmachung von Gew\u00e4hrleistungsanspr\u00fcchen bei Unternehmen setzt voraus, dass er seiner gem. \u00a7 377 HGB geschuldeten Untersuchungs- und R\u00fcgepflicht ordnungsgem\u00e4\u00df nachgekommen ist. Gew\u00e4hrleistungsanspr\u00fcche des Kunden aufgrund unsachgem\u00e4\u00dfen Gebrauchs bestehen nicht. Ma\u00dfgebend f\u00fcr die sachgem\u00e4\u00dfe Handhabung ist die in Anlage zu diesen allgemeinen Gesch\u00e4ftsbedingungen beiliegende Gebrauchsanweisung.<\/p>\n<p>Soweit ein von der zu vertretender Mangel vorliegt, so ist sie zur Ersatzlieferung berechtigt. Der Kunde ist dabei verpflichtet, die mangelhafte Ware an die KOLK Design &amp; Production GmbH &amp; Co.KG. herauszugeben. Kommt der Kunde dieser Verpflichtung nicht nach, so verfallen alle Gew\u00e4hrleistungsanspr\u00fcche gegen\u00fcber der KOLK Design &amp; Production GmbH &amp; Co.KG.<\/p>\n<p><strong>Eigentumsvorbehalt<\/strong><\/p>\n<p>Die KOLK Design &amp; Production GmbH &amp; Co.KG. beh\u00e4lt sich das Eigentum an der gelieferten Ware bis zur vollst\u00e4ndigen Erf\u00fcllung s\u00e4mtlicher Forderungen gegen den Kunden vor, auch wenn die konkrete Ware bereits bezahlt wurde.<\/p>\n<p><strong>Haftung und Haftungsbeschr\u00e4nkung<\/strong><\/p>\n<p>KOLK Design &amp; Production GmbH &amp; Co.KG. haftet in Deutschland, \u00d6sterreich, Schweiz lediglich f\u00fcr Schadenersatzanspr\u00fcche die durch grobe Fahrl\u00e4ssigkeit oder Vorsatz entstanden sind. Ansonsten werden alle Schadenersatzanspr\u00fcche soweit gesetzlich m\u00f6glich ausgeschlossen.<br \/>\nSoweit die KOLK Design &amp; Production GmbH &amp; Co.KG. dem Grunde nach haftet, wird der Schadensersatzanspruch auf den tats\u00e4chlich entstandenen Schaden begrenzt unter Ber\u00fccksichtigung einer Schadensminderungspflicht des Kunden. Ersatz mittelbarer Sch\u00e4den, Folgesch\u00e4den, sowie entgangener Gewinn wird ausgeschlossen.<\/p>\n<p>S\u00e4mtliche Schadenersatzanspr\u00fcchen wegen eines Mangels ab \u00dcbergabe der Sache.<br \/>\nSoweit die Haftung der KOLK Design &amp; Production GmbH &amp; Co.KG. ausgeschlossen ist, gilt dies auch f\u00fcr den Fall der pers\u00f6nlichen Schadensersatzhaftung der Angestellten, Arbeitnehmer, Mitarbeiter, Vertreter und Erf\u00fcllungsgehilfen der KOLK Design &amp; Production GmbH &amp; Co.KG.<\/p>\n<p><strong>Abbildungen<\/strong><\/p>\n<p>Alle Abbildungen von Produkten k\u00f6nnen farblich vom Original abweichen. Aus den Darstellungen der Produkte und den entsprechenden Abbildungen k\u00f6nnen keine Anspr\u00fcche seitens des Kunden abgeleitet werden.<br \/>\n10 Erf\u00fcllungsort, Rechtswahl, Gerichtsstand<\/p>\n<p>Erf\u00fcllungs- und Zahlungsort f\u00fcr s\u00e4mtliche Anspr\u00fcche aus dem zwischen dem Kunden und der KOLK Design &amp; Production GmbH &amp; Co.KG. ist der Gesch\u00e4ftssitz der KOLK Design &amp; Production GmbH &amp; Co. KG.<br \/>\nAusschlie\u00dflicher Gerichtsstand ist bei Vertr\u00e4gen mit Kaufleuten, juristischen Personen des \u00f6ffentlichen Rechts oder \u00f6ffentlich- rechtlicher Sonderverm\u00f6gen das f\u00fcr den Gesch\u00e4ftssitz der KOLK Design &amp; Production GmbH &amp; CO. KG. zust\u00e4ndige Gericht.<br \/>\nEs gilt ausschlie\u00dflich das Recht der Bundesrepublik Deutschland. Die Geltung des UN-Kaufrechts wird ausgeschlossen.<\/p>\n<p><strong>Sonstiges<\/strong><\/p>\n<p>\u00c4nderungen und Erg\u00e4nzungen der in diesen Bedingungen enthaltenen Bestimmungen bed\u00fcrfen zu Ihrer Wirksamkeit der Schriftform.<br \/>\nSollte eine oder mehrere Bestimmungen unwirksam sein, so ber\u00fchrt dies die Wirksamkeit der anderen Bestimmungen nicht.<\/p>\n<\/div><\/div><style type=\"text\/css\">.fusion-body .fusion-builder-column-0{width:100% !important;margin-top : 0px;margin-bottom : 20px;}.fusion-builder-column-0 > .fusion-column-wrapper {padding-top : 0px !important;padding-right : 0px !important;margin-right : 1.92%;padding-bottom : 0px !important;padding-left : 0px !important;margin-left : 1.92%;}@media only screen and (max-width:1024px) {.fusion-body .fusion-builder-column-0{width:100% !important;order : 0;}.fusion-builder-column-0 > .fusion-column-wrapper {margin-right : 1.92%;margin-left : 1.92%;}}@media only screen and (max-width:640px) {.fusion-body .fusion-builder-column-0{width:100% !important;order : 0;}.fusion-builder-column-0 > .fusion-column-wrapper {margin-right : 1.92%;margin-left : 1.92%;}}<\/style><\/div><\/div><style type=\"text\/css\">.fusion-body .fusion-flex-container.fusion-builder-row-1{ padding-top : 0px;margin-top : 0px;padding-right : 0px;padding-bottom : 0px;margin-bottom : 0px;padding-left : 0px;}<\/style><\/div><div class=\"fusion-fullwidth fullwidth-box fusion-builder-row-2 fusion-flex-container btn-startseite nonhundred-percent-fullwidth non-hundred-percent-height-scrolling\" style=\"background-color: rgba(255,255,255,0);background-position: center center;background-repeat: no-repeat;border-width: 0px 0px 0px 0px;border-color:#e2e2e2;border-style:solid;\" ><div class=\"fusion-builder-row fusion-row fusion-flex-align-items-flex-start fusion-flex-justify-content-center\" style=\"max-width:1372.8px;margin-left: calc(-4% \/ 2 );margin-right: calc(-4% \/ 2 );\"><div class=\"fusion-layout-column fusion_builder_column fusion-builder-column-1 fusion_builder_column_1_3 1_3 fusion-flex-column\"><div class=\"fusion-column-wrapper fusion-flex-justify-content-flex-start fusion-content-layout-column\" style=\"background-position:left top;background-repeat:no-repeat;-webkit-background-size:cover;-moz-background-size:cover;-o-background-size:cover;background-size:cover;padding: 0px 0px 0px 0px;\"><div style=\"text-align:center;\"><style type=\"text\/css\">.fusion-button.button-1 .fusion-button-text, .fusion-button.button-1 i {color:#ffffff;}.fusion-button.button-1 .fusion-button-icon-divider{border-color:#ffffff;}.fusion-button.button-1:hover .fusion-button-text, .fusion-button.button-1:hover i,.fusion-button.button-1:focus .fusion-button-text, .fusion-button.button-1:focus i,.fusion-button.button-1:active .fusion-button-text, .fusion-button.button-1:active{color:#ffffff;}.fusion-button.button-1:hover .fusion-button-icon-divider, .fusion-button.button-1:hover .fusion-button-icon-divider, .fusion-button.button-1:active .fusion-button-icon-divider{border-color:#ffffff;}.fusion-button.button-1:hover, .fusion-button.button-1:focus, .fusion-button.button-1:active{border-color:#000000;}.fusion-button.button-1 {border-color:#666666;border-radius:0px;}.fusion-button.button-1{background: #424242;}.fusion-button.button-1:hover,.button-1:focus,.fusion-button.button-1:active{background: #424242;}.fusion-button.button-1 .fusion-button-text {text-transform:uppercase;}<\/style><a class=\"fusion-button button-flat fusion-button-default-size button-custom button-1 fusion-button-default-span fusion-button-default-type\" target=\"_self\" href=\"https:\/\/www.kolk-design.com\/de\/\" style=\"margin-right:10px;margin-bottom:10px;\"><span class=\"fusion-button-text\">Zur Startseite<\/span><\/a><\/div><\/div><style type=\"text\/css\">.fusion-body .fusion-builder-column-1{width:33.333333333333% !important;margin-top : 0px;margin-bottom : 20px;}.fusion-builder-column-1 > .fusion-column-wrapper {padding-top : 0px !important;padding-right : 0px !important;margin-right : 5.76%;padding-bottom : 0px !important;padding-left : 0px !important;margin-left : 5.76%;}@media only screen and (max-width:1024px) {.fusion-body .fusion-builder-column-1{width:33.333333333333% !important;order : 0;}.fusion-builder-column-1 > .fusion-column-wrapper {margin-right : 5.76%;margin-left : 5.76%;}}@media only screen and (max-width:640px) {.fusion-body .fusion-builder-column-1{width:100% !important;order : 0;}.fusion-builder-column-1 > .fusion-column-wrapper {margin-right : 1.92%;margin-left : 1.92%;}}<\/style><\/div><\/div><style type=\"text\/css\">.fusion-body .fusion-flex-container.fusion-builder-row-2{ padding-top : 0px;margin-top : 0px;padding-right : 0px;padding-bottom : 0px;margin-bottom : 0px;padding-left : 0px;}<\/style><\/div><\/p>\n","protected":false},"excerpt":{"rendered":"","protected":false},"author":1,"featured_media":0,"parent":0,"menu_order":0,"comment_status":"closed","ping_status":"closed","template":"","meta":{"footnotes":""},"class_list":["post-1822","page","type-page","status-publish","hentry"],"_links":{"self":[{"href":"https:\/\/www.kolk-design.com\/de\/wp-json\/wp\/v2\/pages\/1822","targetHints":{"allow":["GET"]}}],"collection":[{"href":"https:\/\/www.kolk-design.com\/de\/wp-json\/wp\/v2\/pages"}],"about":[{"href":"https:\/\/www.kolk-design.com\/de\/wp-json\/wp\/v2\/types\/page"}],"author":[{"embeddable":true,"href":"https:\/\/www.kolk-design.com\/de\/wp-json\/wp\/v2\/users\/1"}],"replies":[{"embeddable":true,"href":"https:\/\/www.kolk-design.com\/de\/wp-json\/wp\/v2\/comments?post=1822"}],"version-history":[{"count":5,"href":"https:\/\/www.kolk-design.com\/de\/wp-json\/wp\/v2\/pages\/1822\/revisions"}],"predecessor-version":[{"id":4028,"href":"https:\/\/www.kolk-design.com\/de\/wp-json\/wp\/v2\/pages\/1822\/revisions\/4028"}],"wp:attachment":[{"href":"https:\/\/www.kolk-design.com\/de\/wp-json\/wp\/v2\/media?parent=1822"}],"curies":[{"name":"wp","href":"https:\/\/api.w.org\/{rel}","templated":true}]}}