{"id":2615,"date":"2022-06-24T15:23:20","date_gmt":"2022-06-24T15:23:20","guid":{"rendered":"https:\/\/staging.kolk-design.com\/?page_id=2615"},"modified":"2022-07-07T13:17:42","modified_gmt":"2022-07-07T13:17:42","slug":"schutzlackierung","status":"publish","type":"page","link":"https:\/\/www.kolk-design.com\/de\/schutzlackierung\/","title":{"rendered":"Schutzlackierung"},"content":{"rendered":"<p><div class=\"fusion-fullwidth fullwidth-box fusion-builder-row-1 fusion-flex-container nonhundred-percent-fullwidth non-hundred-percent-height-scrolling fusion-animated\" style=\"background-color: rgba(255,255,255,0);background-position: center center;background-repeat: no-repeat;border-width: 0px 0px 0px 0px;border-color:#e2e2e2;border-style:solid;\" data-animationType=\"fadeInLeft\" data-animationDuration=\"0.3\" data-animationOffset=\"top-into-view\" ><div class=\"fusion-builder-row fusion-row fusion-flex-align-items-center fusion-flex-justify-content-center\" style=\"max-width:1372.8px;margin-left: calc(-4% \/ 2 );margin-right: calc(-4% \/ 2 );\"><div class=\"fusion-layout-column fusion_builder_column fusion-builder-column-0 fusion_builder_column_2_3 2_3 fusion-flex-column\"><div class=\"fusion-column-wrapper fusion-flex-justify-content-flex-start fusion-content-layout-column\" style=\"background-position:left top;background-repeat:no-repeat;-webkit-background-size:cover;-moz-background-size:cover;-o-background-size:cover;background-size:cover;padding: 0px 0px 0px 0px;\"><div class=\"fusion-text fusion-text-1\"><h1 style=\"text-align: center;\">Kolk Schutzlackierung<\/h1>\n<p style=\"text-align: center;\">Unsere Leuchten k\u00f6nnen seewasserbest\u00e4ndig lackiert werden und auf Wunsch k\u00f6nnen Leuchten spritzwassergesch\u00fctzt nach IP 69 hergestellt werden.<\/p>\n<h2 style=\"text-align: center;\">Wir liefern nach Kundenwunsch.<br \/>\nUnser Farbspektrum beinhaltet fast die gesamte Farbpalette.<\/h2>\n<div class=\"page\" title=\"Page 1\">\n<div class=\"layoutArea\">\n<div class=\"column\">\n<h3 style=\"text-align: center;\">Was ist eine KTL-Beschichtung?<\/h3>\n<p style=\"text-align: center;\">Die kathodische Tauchlackierung ist ein elektrochemisches Verfahren. Sie wird auch Kataphorese-Tauchlackierung genannt. Das Objekt wird dabei in einem Bad aus wa\u0308ssrigem, elektrisch leitfa\u0308higem Tauchlack unter einer Gleichspannung beschichtet. Dabei zieht das negativ geladene Werkstu\u0308ck die anodischen Lackpartikel an und beha\u0308lt sie als gleichma\u0308\u00dfigen Film auf der Oberfla\u0308che zuru\u0308ck. Anschlie\u00dfend wird der aufgebrachte Lack in einem Einbrennprozess bei ca. 120\u00b0C &#8211; 180 \u00b0C eingebrannt. Die Schichtdicke, mit der der Lack auf dem Bauteil abgeschieden wird, betra\u0308gt bei uns zwischen 10 und 15 \u03bcm. Diese Lackschicht vernetzt sich mit der Objektoberfla\u0308che zu einem homogenen, geschlossenen Film.<\/p>\n<\/div>\n<\/div>\n<\/div>\n<\/div><\/div><style type=\"text\/css\">.fusion-body .fusion-builder-column-0{width:66.666666666667% !important;margin-top : 0px;margin-bottom : 20px;}.fusion-builder-column-0 > .fusion-column-wrapper {padding-top : 0px !important;padding-right : 0px !important;margin-right : 2.88%;padding-bottom : 0px !important;padding-left : 0px !important;margin-left : 2.88%;}@media only screen and (max-width:1024px) {.fusion-body .fusion-builder-column-0{width:66.666666666667% !important;order : 0;}.fusion-builder-column-0 > .fusion-column-wrapper {margin-right : 2.88%;margin-left : 2.88%;}}@media only screen and (max-width:640px) {.fusion-body .fusion-builder-column-0{width:100% !important;order : 0;}.fusion-builder-column-0 > .fusion-column-wrapper {margin-right : 1.92%;margin-left : 1.92%;}}<\/style><\/div><\/div><style type=\"text\/css\">.fusion-body .fusion-flex-container.fusion-builder-row-1{ padding-top : 0px;margin-top : 0px;padding-right : 0px;padding-bottom : 0px;margin-bottom : 0px;padding-left : 0px;}<\/style><\/div><div class=\"fusion-fullwidth fullwidth-box fusion-builder-row-2 fusion-flex-container nonhundred-percent-fullwidth non-hundred-percent-height-scrolling fusion-animated\" style=\"background-color: #7a7a7a;background-position: center center;background-repeat: no-repeat;border-width: 0px 0px 0px 0px;border-color:#e2e2e2;border-style:solid;\" data-animationType=\"slideInLeft\" data-animationDuration=\"0.3\" data-animationOffset=\"top-into-view\" ><div class=\"fusion-builder-row fusion-row fusion-flex-align-items-flex-start\" style=\"max-width:1372.8px;margin-left: calc(-4% \/ 2 );margin-right: calc(-4% \/ 2 );\"><div class=\"fusion-layout-column fusion_builder_column fusion-builder-column-1 fusion_builder_column_1_2 1_2 fusion-flex-column\"><div class=\"fusion-column-wrapper fusion-flex-justify-content-flex-start fusion-content-layout-column\" style=\"background-position:left top;background-repeat:no-repeat;-webkit-background-size:cover;-moz-background-size:cover;-o-background-size:cover;background-size:cover;padding: 0px 0px 0px 0px;\"><div ><span class=\" fusion-imageframe imageframe-none imageframe-1 hover-type-none\"><img decoding=\"async\" width=\"982\" height=\"976\" title=\"schutzlackierung\" src=\"https:\/\/www.kolk-design.com\/wp-content\/uploads\/2022\/06\/schutzlackierung.jpg\" class=\"img-responsive wp-image-2523\" srcset=\"https:\/\/www.kolk-design.com\/wp-content\/uploads\/2022\/06\/schutzlackierung-200x200.jpg 200w, https:\/\/www.kolk-design.com\/wp-content\/uploads\/2022\/06\/schutzlackierung-400x398.jpg 400w, https:\/\/www.kolk-design.com\/wp-content\/uploads\/2022\/06\/schutzlackierung-600x596.jpg 600w, https:\/\/www.kolk-design.com\/wp-content\/uploads\/2022\/06\/schutzlackierung-800x795.jpg 800w, https:\/\/www.kolk-design.com\/wp-content\/uploads\/2022\/06\/schutzlackierung.jpg 982w\" sizes=\"(max-width: 640px) 100vw, 800px\" \/><\/span><\/div><\/div><style type=\"text\/css\">.fusion-body .fusion-builder-column-1{width:50% !important;margin-top : 0px;margin-bottom : 0px;}.fusion-builder-column-1 > .fusion-column-wrapper {padding-top : 0px !important;padding-right : 0px !important;margin-right : 3.84%;padding-bottom : 0px !important;padding-left : 0px !important;margin-left : 3.84%;}@media only screen and (max-width:1024px) {.fusion-body .fusion-builder-column-1{width:50% !important;order : 0;}.fusion-builder-column-1 > .fusion-column-wrapper {margin-right : 3.84%;margin-left : 3.84%;}}@media only screen and (max-width:640px) {.fusion-body .fusion-builder-column-1{width:100% !important;order : 0;}.fusion-builder-column-1 > .fusion-column-wrapper {margin-right : 1.92%;margin-left : 1.92%;}}<\/style><\/div><div class=\"fusion-layout-column fusion_builder_column fusion-builder-column-2 fusion_builder_column_1_2 1_2 fusion-flex-column\"><div class=\"fusion-column-wrapper fusion-flex-justify-content-flex-start fusion-content-layout-column\" style=\"background-position:left top;background-repeat:no-repeat;-webkit-background-size:cover;-moz-background-size:cover;-o-background-size:cover;background-size:cover;padding: 30px 0px 30px 0px;\"><div class=\"fusion-text fusion-text-2\"><h3 style=\"text-align: left;\"><span style=\"color: #ffffff;\">Produktinformationen<\/span><\/h3>\n<p style=\"text-align: left;\"><span style=\"color: #ffffff;\"><strong>Dekorative Vorteile<\/strong><\/span><\/p>\n<ul style=\"color: #ffffff;\">\n<li style=\"text-align: left;\"><span style=\"color: #ffffff;\">Wir erf\u00fcllen fast jeden Farbwunsch.<\/span><\/li>\n<li style=\"text-align: left;\"><span style=\"color: #ffffff;\">Die Objekte werden sehr gleichm\u00e4\u00dfig beschichtet.<\/span><\/li>\n<li style=\"text-align: left;\"><span style=\"color: #ffffff;\">Selbst geometrisch komplexe Objekte werden homogen beschichtet.<\/span><\/li>\n<\/ul>\n<p style=\"text-align: left;\"><span style=\"color: #ffffff;\"><strong>Materialtechnische Vorteile<\/strong><\/span><\/p>\n<ul style=\"color: #ffffff;\">\n<li style=\"text-align: left;\"><span style=\"color: #ffffff;\">Die beschichteten Objekte besitzen einen hohen Korrosions- und Erosionsschutz.<\/span><\/li>\n<li style=\"text-align: left;\"><span style=\"color: #ffffff;\">Die Objekte sind gegen S\u00e4uren und Laugen und Seewasser-resistent.<\/span><\/li>\n<li style=\"text-align: left;\"><span style=\"color: #ffffff;\">Die Lackierung ist sto\u00dffest und bleibt lange wundersch\u00f6n.<\/span><\/li>\n<\/ul>\n<\/div><\/div><style type=\"text\/css\">.fusion-body .fusion-builder-column-2{width:50% !important;margin-top : 0px;margin-bottom : 20px;}.fusion-builder-column-2 > .fusion-column-wrapper {padding-top : 30 !important;padding-right : 0px !important;margin-right : 3.84%;padding-bottom : 30 !important;padding-left : 0px !important;margin-left : 3.84%;}@media only screen and (max-width:1024px) {.fusion-body .fusion-builder-column-2{width:50% !important;order : 0;}.fusion-builder-column-2 > .fusion-column-wrapper {margin-right : 3.84%;margin-left : 3.84%;}}@media only screen and (max-width:640px) {.fusion-body .fusion-builder-column-2{width:100% !important;order : 0;}.fusion-builder-column-2 > .fusion-column-wrapper {margin-right : 1.92%;margin-left : 1.92%;}}<\/style><\/div><\/div><style type=\"text\/css\">.fusion-body .fusion-flex-container.fusion-builder-row-2{ padding-top : 0px;margin-top : 30px;padding-right : 0px;padding-bottom : 0px;margin-bottom : 30px;padding-left : 0px;}<\/style><\/div><div class=\"fusion-fullwidth fullwidth-box fusion-builder-row-3 fusion-flex-container btn-startseite nonhundred-percent-fullwidth non-hundred-percent-height-scrolling\" style=\"background-color: rgba(255,255,255,0);background-position: center center;background-repeat: no-repeat;border-width: 0px 0px 0px 0px;border-color:#e2e2e2;border-style:solid;\" ><div class=\"fusion-builder-row fusion-row fusion-flex-align-items-flex-start fusion-flex-justify-content-center\" style=\"max-width:1372.8px;margin-left: calc(-4% \/ 2 );margin-right: calc(-4% \/ 2 );\"><div class=\"fusion-layout-column fusion_builder_column fusion-builder-column-3 fusion_builder_column_1_3 1_3 fusion-flex-column\"><div class=\"fusion-column-wrapper fusion-flex-justify-content-flex-start fusion-content-layout-column\" style=\"background-position:left top;background-repeat:no-repeat;-webkit-background-size:cover;-moz-background-size:cover;-o-background-size:cover;background-size:cover;padding: 0px 0px 0px 0px;\"><div style=\"text-align:center;\"><style type=\"text\/css\">.fusion-button.button-1 .fusion-button-text, .fusion-button.button-1 i {color:#ffffff;}.fusion-button.button-1 .fusion-button-icon-divider{border-color:#ffffff;}.fusion-button.button-1:hover .fusion-button-text, .fusion-button.button-1:hover i,.fusion-button.button-1:focus .fusion-button-text, .fusion-button.button-1:focus i,.fusion-button.button-1:active .fusion-button-text, .fusion-button.button-1:active{color:#ffffff;}.fusion-button.button-1:hover .fusion-button-icon-divider, .fusion-button.button-1:hover .fusion-button-icon-divider, .fusion-button.button-1:active .fusion-button-icon-divider{border-color:#ffffff;}.fusion-button.button-1:hover, .fusion-button.button-1:focus, .fusion-button.button-1:active{border-color:#000000;}.fusion-button.button-1 {border-color:#666666;border-radius:0px;}.fusion-button.button-1{background: #424242;}.fusion-button.button-1:hover,.button-1:focus,.fusion-button.button-1:active{background: #424242;}.fusion-button.button-1 .fusion-button-text {text-transform:uppercase;}<\/style><a class=\"fusion-button button-flat fusion-button-default-size button-custom button-1 fusion-button-default-span fusion-button-default-type\" target=\"_self\" href=\"https:\/\/www.kolk-design.com\/de\/\" style=\"margin-right:10px;margin-bottom:10px;\"><span class=\"fusion-button-text\">Zur Startseite<\/span><\/a><\/div><\/div><style type=\"text\/css\">.fusion-body .fusion-builder-column-3{width:33.333333333333% !important;margin-top : 0px;margin-bottom : 20px;}.fusion-builder-column-3 > .fusion-column-wrapper {padding-top : 0px !important;padding-right : 0px !important;margin-right : 5.76%;padding-bottom : 0px !important;padding-left : 0px !important;margin-left : 5.76%;}@media only screen and (max-width:1024px) {.fusion-body .fusion-builder-column-3{width:33.333333333333% !important;order : 0;}.fusion-builder-column-3 > .fusion-column-wrapper {margin-right : 5.76%;margin-left : 5.76%;}}@media only screen and (max-width:640px) {.fusion-body .fusion-builder-column-3{width:100% !important;order : 0;}.fusion-builder-column-3 > .fusion-column-wrapper {margin-right : 1.92%;margin-left : 1.92%;}}<\/style><\/div><\/div><style type=\"text\/css\">.fusion-body .fusion-flex-container.fusion-builder-row-3{ padding-top : 0px;margin-top : 0px;padding-right : 0px;padding-bottom : 0px;margin-bottom : 0px;padding-left : 0px;}<\/style><\/div><\/p>\n","protected":false},"excerpt":{"rendered":"","protected":false},"author":1,"featured_media":0,"parent":0,"menu_order":0,"comment_status":"closed","ping_status":"closed","template":"100-width.php","meta":{"footnotes":""},"class_list":["post-2615","page","type-page","status-publish","hentry"],"_links":{"self":[{"href":"https:\/\/www.kolk-design.com\/de\/wp-json\/wp\/v2\/pages\/2615","targetHints":{"allow":["GET"]}}],"collection":[{"href":"https:\/\/www.kolk-design.com\/de\/wp-json\/wp\/v2\/pages"}],"about":[{"href":"https:\/\/www.kolk-design.com\/de\/wp-json\/wp\/v2\/types\/page"}],"author":[{"embeddable":true,"href":"https:\/\/www.kolk-design.com\/de\/wp-json\/wp\/v2\/users\/1"}],"replies":[{"embeddable":true,"href":"https:\/\/www.kolk-design.com\/de\/wp-json\/wp\/v2\/comments?post=2615"}],"version-history":[{"count":5,"href":"https:\/\/www.kolk-design.com\/de\/wp-json\/wp\/v2\/pages\/2615\/revisions"}],"predecessor-version":[{"id":3989,"href":"https:\/\/www.kolk-design.com\/de\/wp-json\/wp\/v2\/pages\/2615\/revisions\/3989"}],"wp:attachment":[{"href":"https:\/\/www.kolk-design.com\/de\/wp-json\/wp\/v2\/media?parent=2615"}],"curies":[{"name":"wp","href":"https:\/\/api.w.org\/{rel}","templated":true}]}}