{"id":2618,"date":"2022-06-24T15:26:31","date_gmt":"2022-06-24T15:26:31","guid":{"rendered":"https:\/\/staging.kolk-design.com\/?page_id=2618"},"modified":"2022-07-07T13:31:06","modified_gmt":"2022-07-07T13:31:06","slug":"garantie","status":"publish","type":"page","link":"https:\/\/www.kolk-design.com\/de\/garantie\/","title":{"rendered":"Garantie"},"content":{"rendered":"<p><div class=\"fusion-fullwidth fullwidth-box fusion-builder-row-1 fusion-flex-container nonhundred-percent-fullwidth non-hundred-percent-height-scrolling fusion-animated\" style=\"background-color: rgba(255,255,255,0);background-position: center center;background-repeat: no-repeat;border-width: 0px 0px 0px 0px;border-color:#e2e2e2;border-style:solid;\" data-animationType=\"fadeInLeft\" data-animationDuration=\"0.3\" data-animationOffset=\"top-into-view\" ><div class=\"fusion-builder-row fusion-row fusion-flex-align-items-center fusion-flex-justify-content-center\" style=\"max-width:1372.8px;margin-left: calc(-4% \/ 2 );margin-right: calc(-4% \/ 2 );\"><div class=\"fusion-layout-column fusion_builder_column fusion-builder-column-0 fusion_builder_column_2_3 2_3 fusion-flex-column\"><div class=\"fusion-column-wrapper fusion-flex-justify-content-flex-start fusion-content-layout-column\" style=\"background-position:left top;background-repeat:no-repeat;-webkit-background-size:cover;-moz-background-size:cover;-o-background-size:cover;background-size:cover;padding: 0px 0px 0px 0px;\"><div class=\"fusion-text fusion-text-1\"><h1 style=\"text-align: center;\">Garantie<\/h1>\n<p style=\"text-align: center;\">Kolk Design and Production GmbH &amp; Co.KG. garantiert, dass die von ihr verkauften Lampen f\u00fcr einen Zeitraum von drei (3) Jahren ab Kaufdatum frei von Material- und Verarbeitungsfehlern sind.<\/p>\n<p style=\"text-align: center;\">Kolk repariert oder ersetzt jedes Teil, das sich innerhalb der Garantiezeit als defekt erweist. Diese Garantie erstreckt sich nur auf den Erstk\u00e4ufer, der ein neues Produkt von Kolk oder seinen autorisierten H\u00e4ndlern erwirbt. In keinem Fall haftet Kolk f\u00fcr Anspr\u00fcche, die au\u00dferhalb der Garantiezeit geltend gemacht werden oder f\u00fcr irgendwelche anderen Anspr\u00fcche oder Sch\u00e4den, einschlie\u00dflich, aber nicht beschr\u00e4nkt auf Anspr\u00fcche f\u00fcr fehlerhaftes Design, fahrl\u00e4ssige oder irref\u00fchrende Beratung, zuf\u00e4llige oder Folgesch\u00e4den oder Verletzungen einer anderen Person, Gesellschaft oder Einrichtung.<\/p>\n<p style=\"text-align: center;\">Die Garantie gilt nicht, wenn eine solche Reparatur oder der Austausch von Teilen aufgrund eines Unfalls, einer Vernachl\u00e4ssigung oder eines Missbrauchs erforderlich ist, oder wenn das Ger\u00e4t auf andere Weise als in \u00dcbereinstimmung mit den Wartungs- und Instandhaltung-Anweisungen von Kolk modifiziert, installiert oder repariert wird, oder wenn eine Komponente oder ein Zubeh\u00f6rteil angebracht wird, das nicht von Kolk geliefert wurde. Diese Garantie gilt nicht f\u00fcr Verbrauchsmaterialien wie Akkus.<\/p>\n<p style=\"text-align: center;\">Wir garantieren, dass die Batterien\/Akkus unter normalen Gebrauchs- und Servicebedingungen f\u00fcr einen Zeitraum von 12 (zw\u00f6lf ) Monaten nach dem urspr\u00fcnglichen Kaufdatum frei von Verarbeitungs- und Materialfehler sind. Diese Garantie gilt jedoch nicht f\u00fcr die effektive Lebensdauer (Betriebsdauer) der Batteriemuster und die Pflege w\u00e4hrend der Lebensdauer der Batterie.<\/p>\n<p style=\"text-align: center;\">Alle Anspr\u00fcche beschr\u00e4nken sich ausschlie\u00dflich auf die Reparatur oder den Ersatz der Produkte und schlie\u00dfen keine Transportkosten ein. Diese Garantie ist in Verbindung mit unseren Verkaufsbedingungen zu sehen.<\/p>\n<\/div><\/div><style type=\"text\/css\">.fusion-body .fusion-builder-column-0{width:66.666666666667% !important;margin-top : 0px;margin-bottom : 20px;}.fusion-builder-column-0 > .fusion-column-wrapper {padding-top : 0px !important;padding-right : 0px !important;margin-right : 2.88%;padding-bottom : 0px !important;padding-left : 0px !important;margin-left : 2.88%;}@media only screen and (max-width:1024px) {.fusion-body .fusion-builder-column-0{width:66.666666666667% !important;order : 0;}.fusion-builder-column-0 > .fusion-column-wrapper {margin-right : 2.88%;margin-left : 2.88%;}}@media only screen and (max-width:640px) {.fusion-body .fusion-builder-column-0{width:100% !important;order : 0;}.fusion-builder-column-0 > .fusion-column-wrapper {margin-right : 1.92%;margin-left : 1.92%;}}<\/style><\/div><\/div><style type=\"text\/css\">.fusion-body .fusion-flex-container.fusion-builder-row-1{ padding-top : 0px;margin-top : 0px;padding-right : 0px;padding-bottom : 0px;margin-bottom : 0px;padding-left : 0px;}<\/style><\/div><div class=\"fusion-fullwidth fullwidth-box fusion-builder-row-2 fusion-flex-container btn-startseite nonhundred-percent-fullwidth non-hundred-percent-height-scrolling\" style=\"background-color: rgba(255,255,255,0);background-position: center center;background-repeat: no-repeat;border-width: 0px 0px 0px 0px;border-color:#e2e2e2;border-style:solid;\" ><div class=\"fusion-builder-row fusion-row fusion-flex-align-items-flex-start fusion-flex-justify-content-center\" style=\"max-width:1372.8px;margin-left: calc(-4% \/ 2 );margin-right: calc(-4% \/ 2 );\"><div class=\"fusion-layout-column fusion_builder_column fusion-builder-column-1 fusion_builder_column_1_3 1_3 fusion-flex-column\"><div class=\"fusion-column-wrapper fusion-flex-justify-content-flex-start fusion-content-layout-column\" style=\"background-position:left top;background-repeat:no-repeat;-webkit-background-size:cover;-moz-background-size:cover;-o-background-size:cover;background-size:cover;padding: 0px 0px 0px 0px;\"><div style=\"text-align:center;\"><style type=\"text\/css\">.fusion-button.button-1 .fusion-button-text, .fusion-button.button-1 i {color:#ffffff;}.fusion-button.button-1 .fusion-button-icon-divider{border-color:#ffffff;}.fusion-button.button-1:hover .fusion-button-text, .fusion-button.button-1:hover i,.fusion-button.button-1:focus .fusion-button-text, .fusion-button.button-1:focus i,.fusion-button.button-1:active .fusion-button-text, .fusion-button.button-1:active{color:#ffffff;}.fusion-button.button-1:hover .fusion-button-icon-divider, .fusion-button.button-1:hover .fusion-button-icon-divider, .fusion-button.button-1:active .fusion-button-icon-divider{border-color:#ffffff;}.fusion-button.button-1:hover, .fusion-button.button-1:focus, .fusion-button.button-1:active{border-color:#000000;}.fusion-button.button-1 {border-color:#666666;border-radius:0px;}.fusion-button.button-1{background: #424242;}.fusion-button.button-1:hover,.button-1:focus,.fusion-button.button-1:active{background: #424242;}.fusion-button.button-1 .fusion-button-text {text-transform:uppercase;}<\/style><a class=\"fusion-button button-flat fusion-button-default-size button-custom button-1 fusion-button-default-span fusion-button-default-type\" target=\"_self\" href=\"https:\/\/www.kolk-design.com\/de\/\" style=\"margin-right:10px;margin-bottom:10px;\"><span class=\"fusion-button-text\">Zur Startseite<\/span><\/a><\/div><\/div><style type=\"text\/css\">.fusion-body .fusion-builder-column-1{width:33.333333333333% !important;margin-top : 0px;margin-bottom : 20px;}.fusion-builder-column-1 > .fusion-column-wrapper {padding-top : 0px !important;padding-right : 0px !important;margin-right : 5.76%;padding-bottom : 0px !important;padding-left : 0px !important;margin-left : 5.76%;}@media only screen and (max-width:1024px) {.fusion-body .fusion-builder-column-1{width:33.333333333333% !important;order : 0;}.fusion-builder-column-1 > .fusion-column-wrapper {margin-right : 5.76%;margin-left : 5.76%;}}@media only screen and (max-width:640px) {.fusion-body .fusion-builder-column-1{width:100% !important;order : 0;}.fusion-builder-column-1 > .fusion-column-wrapper {margin-right : 1.92%;margin-left : 1.92%;}}<\/style><\/div><\/div><style type=\"text\/css\">.fusion-body .fusion-flex-container.fusion-builder-row-2{ padding-top : 0px;margin-top : 0px;padding-right : 0px;padding-bottom : 0px;margin-bottom : 0px;padding-left : 0px;}<\/style><\/div><\/p>\n","protected":false},"excerpt":{"rendered":"","protected":false},"author":1,"featured_media":0,"parent":0,"menu_order":0,"comment_status":"closed","ping_status":"closed","template":"100-width.php","meta":{"footnotes":""},"class_list":["post-2618","page","type-page","status-publish","hentry"],"_links":{"self":[{"href":"https:\/\/www.kolk-design.com\/de\/wp-json\/wp\/v2\/pages\/2618","targetHints":{"allow":["GET"]}}],"collection":[{"href":"https:\/\/www.kolk-design.com\/de\/wp-json\/wp\/v2\/pages"}],"about":[{"href":"https:\/\/www.kolk-design.com\/de\/wp-json\/wp\/v2\/types\/page"}],"author":[{"embeddable":true,"href":"https:\/\/www.kolk-design.com\/de\/wp-json\/wp\/v2\/users\/1"}],"replies":[{"embeddable":true,"href":"https:\/\/www.kolk-design.com\/de\/wp-json\/wp\/v2\/comments?post=2618"}],"version-history":[{"count":4,"href":"https:\/\/www.kolk-design.com\/de\/wp-json\/wp\/v2\/pages\/2618\/revisions"}],"predecessor-version":[{"id":4023,"href":"https:\/\/www.kolk-design.com\/de\/wp-json\/wp\/v2\/pages\/2618\/revisions\/4023"}],"wp:attachment":[{"href":"https:\/\/www.kolk-design.com\/de\/wp-json\/wp\/v2\/media?parent=2618"}],"curies":[{"name":"wp","href":"https:\/\/api.w.org\/{rel}","templated":true}]}}