{"id":2625,"date":"2022-06-24T16:16:25","date_gmt":"2022-06-24T16:16:25","guid":{"rendered":"https:\/\/staging.kolk-design.com\/?page_id=2625"},"modified":"2022-07-07T13:17:32","modified_gmt":"2022-07-07T13:17:32","slug":"ueber-uns","status":"publish","type":"page","link":"https:\/\/www.kolk-design.com\/de\/ueber-uns\/","title":{"rendered":"\u00dcber uns"},"content":{"rendered":"<p><div class=\"fusion-fullwidth fullwidth-box fusion-builder-row-1 fusion-flex-container nonhundred-percent-fullwidth non-hundred-percent-height-scrolling fusion-animated\" style=\"background-color: rgba(255,255,255,0);background-position: center center;background-repeat: no-repeat;border-width: 0px 0px 0px 0px;border-color:#e2e2e2;border-style:solid;\" data-animationType=\"fadeInLeft\" data-animationDuration=\"0.3\" data-animationOffset=\"top-into-view\" ><div class=\"fusion-builder-row fusion-row fusion-flex-align-items-center fusion-flex-justify-content-center\" style=\"max-width:1372.8px;margin-left: calc(-4% \/ 2 );margin-right: calc(-4% \/ 2 );\"><div class=\"fusion-layout-column fusion_builder_column fusion-builder-column-0 fusion_builder_column_2_3 2_3 fusion-flex-column\"><div class=\"fusion-column-wrapper fusion-flex-justify-content-flex-start fusion-content-layout-column\" style=\"background-position:left top;background-repeat:no-repeat;-webkit-background-size:cover;-moz-background-size:cover;-o-background-size:cover;background-size:cover;padding: 0px 0px 0px 0px;\"><div class=\"fusion-text fusion-text-1\"><h1 style=\"text-align: center;\">\u00dcber Kolk DESIGN<\/h1>\n<p style=\"text-align: center;\"><img decoding=\"async\" class=\"alignnone size-medium wp-image-2643\" src=\"https:\/\/www.kolk-design.com\/wp-content\/uploads\/2022\/06\/Icon-Mission-286x300.png\" alt=\"\" width=\"105\" srcset=\"https:\/\/www.kolk-design.com\/wp-content\/uploads\/2022\/06\/Icon-Mission-200x210.png 200w, https:\/\/www.kolk-design.com\/wp-content\/uploads\/2022\/06\/Icon-Mission-286x300.png 286w, https:\/\/www.kolk-design.com\/wp-content\/uploads\/2022\/06\/Icon-Mission-400x419.png 400w, https:\/\/www.kolk-design.com\/wp-content\/uploads\/2022\/06\/Icon-Mission-500x524.png 500w, https:\/\/www.kolk-design.com\/wp-content\/uploads\/2022\/06\/Icon-Mission-600x629.png 600w, https:\/\/www.kolk-design.com\/wp-content\/uploads\/2022\/06\/Icon-Mission-700x733.png 700w, https:\/\/www.kolk-design.com\/wp-content\/uploads\/2022\/06\/Icon-Mission-768x805.png 768w, https:\/\/www.kolk-design.com\/wp-content\/uploads\/2022\/06\/Icon-Mission-800x838.png 800w, https:\/\/www.kolk-design.com\/wp-content\/uploads\/2022\/06\/Icon-Mission.png 840w\" sizes=\"(max-width: 286px) 100vw, 286px\" \/><\/p>\n<h2 style=\"text-align: center;\">Unsere Mission<\/h2>\n<p style=\"text-align: center;\">Wir sehen es als unsere Aufgabe an, nicht nur sch\u00f6ne Tischlampen herzustellen, sondern auch Ihre W\u00fcnsche nach einem kompletten Lichtkonzept mit funktionalen Lampen zu erf\u00fcllen. Die passenden Funktionsleuchten und Lampensysteme werden nach Ihren W\u00fcnschen gefertigt.<\/p>\n<p style=\"text-align: center;\">Nur sorgf\u00e4ltig ausgew\u00e4hlte, solide Materialien wie nat\u00fcrlich gewachsene H\u00f6lzer (FCS), Aluminium, massives Messing und Plexiglas werden verwendet, um nachhaltige, qualitativ hochwertige LED-Lampen nach h\u00f6chsten umweltfreundlichen Standards herzustellen.<\/p>\n<p style=\"text-align: center;\"><img decoding=\"async\" class=\"alignnone size-medium wp-image-2644\" src=\"https:\/\/www.kolk-design.com\/wp-content\/uploads\/2022\/06\/Icon-Versprechen-300x300.png\" alt=\"\" width=\"100\" height=\"100\" srcset=\"https:\/\/www.kolk-design.com\/wp-content\/uploads\/2022\/06\/Icon-Versprechen-66x66.png 66w, https:\/\/www.kolk-design.com\/wp-content\/uploads\/2022\/06\/Icon-Versprechen-150x150.png 150w, https:\/\/www.kolk-design.com\/wp-content\/uploads\/2022\/06\/Icon-Versprechen-200x200.png 200w, https:\/\/www.kolk-design.com\/wp-content\/uploads\/2022\/06\/Icon-Versprechen-300x300.png 300w, https:\/\/www.kolk-design.com\/wp-content\/uploads\/2022\/06\/Icon-Versprechen-400x400.png 400w, https:\/\/www.kolk-design.com\/wp-content\/uploads\/2022\/06\/Icon-Versprechen-500x500.png 500w, https:\/\/www.kolk-design.com\/wp-content\/uploads\/2022\/06\/Icon-Versprechen-600x600.png 600w, https:\/\/www.kolk-design.com\/wp-content\/uploads\/2022\/06\/Icon-Versprechen-700x700.png 700w, https:\/\/www.kolk-design.com\/wp-content\/uploads\/2022\/06\/Icon-Versprechen-768x768.png 768w, https:\/\/www.kolk-design.com\/wp-content\/uploads\/2022\/06\/Icon-Versprechen-800x800.png 800w, https:\/\/www.kolk-design.com\/wp-content\/uploads\/2022\/06\/Icon-Versprechen-1024x1024.png 1024w, https:\/\/www.kolk-design.com\/wp-content\/uploads\/2022\/06\/Icon-Versprechen-1200x1200.png 1200w, https:\/\/www.kolk-design.com\/wp-content\/uploads\/2022\/06\/Icon-Versprechen-1536x1536.png 1536w\" sizes=\"(max-width: 100px) 100vw, 100px\" \/><\/p>\n<h2 style=\"text-align: center;\">Unser Versprechen<\/h2>\n<p style=\"text-align: center;\">Alle unsere Lampen unterliegen unseren strengen Qualit\u00e4tskontrollstandards und werden in Deutschland hergestellt. Wir k\u00f6nnen Ihnen h\u00f6chste Handwerkskunst in unterschiedlichen Preisklassen und Qualit\u00e4ten anbieten und sind Experten f\u00fcr FFE- und OSE- ma\u00dfgeschneiderte L\u00f6sungen. Mit Fernbedienung, WLAN und einem QI Ladesystem runden wir unser Angebotsspektrum ab.<\/p>\n<p style=\"text-align: center;\"><img decoding=\"async\" class=\"alignnone size-medium wp-image-2642\" src=\"https:\/\/www.kolk-design.com\/wp-content\/uploads\/2022\/06\/Icon-Kontakt-300x300.png\" alt=\"\" width=\"75\" height=\"75\" srcset=\"https:\/\/www.kolk-design.com\/wp-content\/uploads\/2022\/06\/Icon-Kontakt-66x66.png 66w, https:\/\/www.kolk-design.com\/wp-content\/uploads\/2022\/06\/Icon-Kontakt-150x150.png 150w, https:\/\/www.kolk-design.com\/wp-content\/uploads\/2022\/06\/Icon-Kontakt-200x200.png 200w, https:\/\/www.kolk-design.com\/wp-content\/uploads\/2022\/06\/Icon-Kontakt-300x300.png 300w, https:\/\/www.kolk-design.com\/wp-content\/uploads\/2022\/06\/Icon-Kontakt-400x400.png 400w, https:\/\/www.kolk-design.com\/wp-content\/uploads\/2022\/06\/Icon-Kontakt-500x500.png 500w, https:\/\/www.kolk-design.com\/wp-content\/uploads\/2022\/06\/Icon-Kontakt.png 567w\" sizes=\"(max-width: 75px) 100vw, 75px\" \/><\/p>\n<h2 style=\"text-align: center;\">Kontaktieren Sie uns<\/h2>\n<p style=\"text-align: center;\">Kolk Design &amp; Production ist weltweit t\u00e4tig und in der Lage, Sie just in time zu bedienen. Direkt oder \u00fcber unser exklusives Vertriebsnetz.<\/p>\n<p style=\"text-align: center;\">Sie k\u00f6nnen uns jederzeit kontaktieren unter:<br \/>\n<a href=\"mailto:office@kolk-design.com\">office@kolk-design.com<\/a><\/p>\n<\/div><\/div><style type=\"text\/css\">.fusion-body .fusion-builder-column-0{width:66.666666666667% !important;margin-top : 0px;margin-bottom : 20px;}.fusion-builder-column-0 > .fusion-column-wrapper {padding-top : 0px !important;padding-right : 0px !important;margin-right : 2.88%;padding-bottom : 0px !important;padding-left : 0px !important;margin-left : 2.88%;}@media only screen and (max-width:1024px) {.fusion-body .fusion-builder-column-0{width:66.666666666667% !important;order : 0;}.fusion-builder-column-0 > .fusion-column-wrapper {margin-right : 2.88%;margin-left : 2.88%;}}@media only screen and (max-width:640px) {.fusion-body .fusion-builder-column-0{width:100% !important;order : 0;}.fusion-builder-column-0 > .fusion-column-wrapper {margin-right : 1.92%;margin-left : 1.92%;}}<\/style><\/div><\/div><style type=\"text\/css\">.fusion-body .fusion-flex-container.fusion-builder-row-1{ padding-top : 0px;margin-top : 0px;padding-right : 0px;padding-bottom : 0px;margin-bottom : 0px;padding-left : 0px;}<\/style><\/div><div class=\"fusion-fullwidth fullwidth-box fusion-builder-row-2 fusion-flex-container btn-startseite nonhundred-percent-fullwidth non-hundred-percent-height-scrolling\" style=\"background-color: rgba(255,255,255,0);background-position: center center;background-repeat: no-repeat;border-width: 0px 0px 0px 0px;border-color:#e2e2e2;border-style:solid;\" ><div class=\"fusion-builder-row fusion-row fusion-flex-align-items-flex-start fusion-flex-justify-content-center\" style=\"max-width:1372.8px;margin-left: calc(-4% \/ 2 );margin-right: calc(-4% \/ 2 );\"><div class=\"fusion-layout-column fusion_builder_column fusion-builder-column-1 fusion_builder_column_1_3 1_3 fusion-flex-column\"><div class=\"fusion-column-wrapper fusion-flex-justify-content-flex-start fusion-content-layout-column\" style=\"background-position:left top;background-repeat:no-repeat;-webkit-background-size:cover;-moz-background-size:cover;-o-background-size:cover;background-size:cover;padding: 0px 0px 0px 0px;\"><div style=\"text-align:center;\"><style type=\"text\/css\">.fusion-button.button-1 .fusion-button-text, .fusion-button.button-1 i {color:#ffffff;}.fusion-button.button-1 .fusion-button-icon-divider{border-color:#ffffff;}.fusion-button.button-1:hover .fusion-button-text, .fusion-button.button-1:hover i,.fusion-button.button-1:focus .fusion-button-text, .fusion-button.button-1:focus i,.fusion-button.button-1:active .fusion-button-text, .fusion-button.button-1:active{color:#ffffff;}.fusion-button.button-1:hover .fusion-button-icon-divider, .fusion-button.button-1:hover .fusion-button-icon-divider, .fusion-button.button-1:active .fusion-button-icon-divider{border-color:#ffffff;}.fusion-button.button-1:hover, .fusion-button.button-1:focus, .fusion-button.button-1:active{border-color:#000000;}.fusion-button.button-1 {border-color:#666666;border-radius:0px;}.fusion-button.button-1{background: #424242;}.fusion-button.button-1:hover,.button-1:focus,.fusion-button.button-1:active{background: #424242;}.fusion-button.button-1 .fusion-button-text {text-transform:uppercase;}<\/style><a class=\"fusion-button button-flat fusion-button-default-size button-custom button-1 fusion-button-default-span fusion-button-default-type\" target=\"_self\" href=\"https:\/\/www.kolk-design.com\/de\/\" style=\"margin-right:10px;margin-bottom:10px;\"><span class=\"fusion-button-text\">Zur Startseite<\/span><\/a><\/div><\/div><style type=\"text\/css\">.fusion-body .fusion-builder-column-1{width:33.333333333333% !important;margin-top : 0px;margin-bottom : 20px;}.fusion-builder-column-1 > .fusion-column-wrapper {padding-top : 0px !important;padding-right : 0px !important;margin-right : 5.76%;padding-bottom : 0px !important;padding-left : 0px !important;margin-left : 5.76%;}@media only screen and (max-width:1024px) {.fusion-body .fusion-builder-column-1{width:33.333333333333% !important;order : 0;}.fusion-builder-column-1 > .fusion-column-wrapper {margin-right : 5.76%;margin-left : 5.76%;}}@media only screen and (max-width:640px) {.fusion-body .fusion-builder-column-1{width:100% !important;order : 0;}.fusion-builder-column-1 > .fusion-column-wrapper {margin-right : 1.92%;margin-left : 1.92%;}}<\/style><\/div><\/div><style type=\"text\/css\">.fusion-body .fusion-flex-container.fusion-builder-row-2{ padding-top : 0px;margin-top : 0px;padding-right : 0px;padding-bottom : 0px;margin-bottom : 0px;padding-left : 0px;}<\/style><\/div><\/p>\n","protected":false},"excerpt":{"rendered":"","protected":false},"author":1,"featured_media":0,"parent":0,"menu_order":0,"comment_status":"closed","ping_status":"closed","template":"100-width.php","meta":{"footnotes":""},"class_list":["post-2625","page","type-page","status-publish","hentry"],"_links":{"self":[{"href":"https:\/\/www.kolk-design.com\/de\/wp-json\/wp\/v2\/pages\/2625","targetHints":{"allow":["GET"]}}],"collection":[{"href":"https:\/\/www.kolk-design.com\/de\/wp-json\/wp\/v2\/pages"}],"about":[{"href":"https:\/\/www.kolk-design.com\/de\/wp-json\/wp\/v2\/types\/page"}],"author":[{"embeddable":true,"href":"https:\/\/www.kolk-design.com\/de\/wp-json\/wp\/v2\/users\/1"}],"replies":[{"embeddable":true,"href":"https:\/\/www.kolk-design.com\/de\/wp-json\/wp\/v2\/comments?post=2625"}],"version-history":[{"count":5,"href":"https:\/\/www.kolk-design.com\/de\/wp-json\/wp\/v2\/pages\/2625\/revisions"}],"predecessor-version":[{"id":3988,"href":"https:\/\/www.kolk-design.com\/de\/wp-json\/wp\/v2\/pages\/2625\/revisions\/3988"}],"wp:attachment":[{"href":"https:\/\/www.kolk-design.com\/de\/wp-json\/wp\/v2\/media?parent=2625"}],"curies":[{"name":"wp","href":"https:\/\/api.w.org\/{rel}","templated":true}]}}